{"id":1529,"date":"2019-09-26T16:27:21","date_gmt":"2019-09-26T16:27:21","guid":{"rendered":"https:\/\/www.melinabay.com\/facilities-services\/swimming-pool\/"},"modified":"2025-03-05T13:26:14","modified_gmt":"2025-03-05T13:26:14","slug":"swimming-pool","status":"publish","type":"page","link":"https:\/\/mail.melinabay.com\/de\/facilities-services\/swimming-pool\/","title":{"rendered":"Schwimmbad"},"content":{"rendered":"","protected":false},"excerpt":{"rendered":"","protected":false},"author":1,"featured_media":1144,"parent":1527,"menu_order":0,"comment_status":"closed","ping_status":"closed","template":"child-facility-template.php","meta":[],"acf":[],"yoast_head":"<!-- This site is optimized with the Yoast SEO plugin v18.8 - https:\/\/yoast.com\/wordpress\/plugins\/seo\/ -->\n<title>Schwimmbad in Kassiopi | Melina Bay Hotel Corfu<\/title>\n<meta name=\"description\" content=\"Der sch\u00f6ne Au\u00dfenpool unseres Hotels bietet eine entspannende Umgebung, w\u00e4hrend Sie am Pool frische Getr\u00e4nke von der Hotelbar genie\u00dfen k\u00f6nnen.\" \/>\n<meta name=\"robots\" content=\"index, follow, max-snippet:-1, max-image-preview:large, max-video-preview:-1\" \/>\n<link rel=\"canonical\" href=\"https:\/\/mail.melinabay.com\/de\/facilities-services\/swimming-pool\/\" \/>\n<meta property=\"og:locale\" content=\"de_DE\" \/>\n<meta property=\"og:type\" content=\"article\" \/>\n<meta property=\"og:title\" content=\"Schwimmbad in Kassiopi | Melina Bay Hotel Corfu\" \/>\n<meta property=\"og:description\" content=\"Der sch\u00f6ne Au\u00dfenpool unseres Hotels bietet eine entspannende Umgebung, w\u00e4hrend Sie am Pool frische Getr\u00e4nke von der Hotelbar genie\u00dfen k\u00f6nnen.\" \/>\n<meta property=\"og:url\" content=\"https:\/\/mail.melinabay.com\/de\/facilities-services\/swimming-pool\/\" \/>\n<meta property=\"og:site_name\" content=\"Melina Bay Hotel\" \/>\n<meta property=\"article:publisher\" content=\"https:\/\/el-gr.facebook.com\/melinabayhotel\" \/>\n<meta property=\"article:modified_time\" content=\"2025-03-05T13:26:14+00:00\" \/>\n<meta property=\"og:image\" content=\"https:\/\/mail.melinabay.com\/wp-content\/uploads\/2019\/09\/melina-bay-swimming-pool.jpg\" \/>\n\t<meta property=\"og:image:width\" content=\"1917\" \/>\n\t<meta property=\"og:image:height\" content=\"1279\" \/>\n\t<meta property=\"og:image:type\" content=\"image\/jpeg\" \/>\n<meta name=\"twitter:card\" content=\"summary_large_image\" \/>\n<script type=\"application\/ld+json\" class=\"yoast-schema-graph\">{\"@context\":\"https:\/\/schema.org\",\"@graph\":[{\"@type\":\"Organization\",\"@id\":\"https:\/\/mail.melinabay.com\/de\/#organization\",\"name\":\"Melina Bay Boutique Hotel Kassiopi, Corfu\",\"url\":\"https:\/\/mail.melinabay.com\/de\/\",\"sameAs\":[\"https:\/\/el-gr.facebook.com\/melinabayhotel\"],\"logo\":{\"@type\":\"ImageObject\",\"inLanguage\":\"de\",\"@id\":\"https:\/\/mail.melinabay.com\/de\/#\/schema\/logo\/image\/\",\"url\":\"https:\/\/melinabay.com\/wp-content\/uploads\/2019\/09\/melina-bay-badge.png\",\"contentUrl\":\"https:\/\/melinabay.com\/wp-content\/uploads\/2019\/09\/melina-bay-badge.png\",\"width\":300,\"height\":288,\"caption\":\"Melina Bay Boutique Hotel Kassiopi, Corfu\"},\"image\":{\"@id\":\"https:\/\/mail.melinabay.com\/de\/#\/schema\/logo\/image\/\"}},{\"@type\":\"WebSite\",\"@id\":\"https:\/\/mail.melinabay.com\/de\/#website\",\"url\":\"https:\/\/mail.melinabay.com\/de\/\",\"name\":\"Melina Bay Boutique Hotel\",\"description\":\"Boutique Hotel in Kassiopi\",\"publisher\":{\"@id\":\"https:\/\/mail.melinabay.com\/de\/#organization\"},\"potentialAction\":[{\"@type\":\"SearchAction\",\"target\":{\"@type\":\"EntryPoint\",\"urlTemplate\":\"https:\/\/mail.melinabay.com\/de\/?s={search_term_string}\"},\"query-input\":\"required name=search_term_string\"}],\"inLanguage\":\"de\"},{\"@type\":\"ImageObject\",\"inLanguage\":\"de\",\"@id\":\"https:\/\/mail.melinabay.com\/de\/facilities-services\/swimming-pool\/#primaryimage\",\"url\":\"https:\/\/mail.melinabay.com\/wp-content\/uploads\/2019\/09\/melina-bay-swimming-pool.jpg\",\"contentUrl\":\"https:\/\/mail.melinabay.com\/wp-content\/uploads\/2019\/09\/melina-bay-swimming-pool.jpg\",\"width\":1917,\"height\":1279},{\"@type\":\"WebPage\",\"@id\":\"https:\/\/mail.melinabay.com\/de\/facilities-services\/swimming-pool\/#webpage\",\"url\":\"https:\/\/mail.melinabay.com\/de\/facilities-services\/swimming-pool\/\",\"name\":\"Schwimmbad in Kassiopi | Melina Bay Hotel Corfu\",\"isPartOf\":{\"@id\":\"https:\/\/mail.melinabay.com\/de\/#website\"},\"primaryImageOfPage\":{\"@id\":\"https:\/\/mail.melinabay.com\/de\/facilities-services\/swimming-pool\/#primaryimage\"},\"datePublished\":\"2019-09-26T16:27:21+00:00\",\"dateModified\":\"2025-03-05T13:26:14+00:00\",\"description\":\"Der sch\u00f6ne Au\u00dfenpool unseres Hotels bietet eine entspannende Umgebung, w\u00e4hrend Sie am Pool frische Getr\u00e4nke von der Hotelbar genie\u00dfen k\u00f6nnen.\",\"breadcrumb\":{\"@id\":\"https:\/\/mail.melinabay.com\/de\/facilities-services\/swimming-pool\/#breadcrumb\"},\"inLanguage\":\"de\",\"potentialAction\":[{\"@type\":\"ReadAction\",\"target\":[\"https:\/\/mail.melinabay.com\/de\/facilities-services\/swimming-pool\/\"]}]},{\"@type\":\"BreadcrumbList\",\"@id\":\"https:\/\/mail.melinabay.com\/de\/facilities-services\/swimming-pool\/#breadcrumb\",\"itemListElement\":[{\"@type\":\"ListItem\",\"position\":1,\"name\":\"Home\",\"item\":\"https:\/\/mail.melinabay.com\/de\/\"},{\"@type\":\"ListItem\",\"position\":2,\"name\":\"Einrichtungen &#038; Dienstleistungen\",\"item\":\"https:\/\/mail.melinabay.com\/de\/facilities-services\/\"},{\"@type\":\"ListItem\",\"position\":3,\"name\":\"Schwimmbad\"}]}]}<\/script>\n<!-- \/ Yoast SEO plugin. -->","yoast_head_json":{"title":"Schwimmbad in Kassiopi | Melina Bay Hotel Corfu","description":"Der sch\u00f6ne Au\u00dfenpool unseres Hotels bietet eine entspannende Umgebung, w\u00e4hrend Sie am Pool frische Getr\u00e4nke von der Hotelbar genie\u00dfen k\u00f6nnen.","robots":{"index":"index","follow":"follow","max-snippet":"max-snippet:-1","max-image-preview":"max-image-preview:large","max-video-preview":"max-video-preview:-1"},"canonical":"https:\/\/mail.melinabay.com\/de\/facilities-services\/swimming-pool\/","og_locale":"de_DE","og_type":"article","og_title":"Schwimmbad in Kassiopi | Melina Bay Hotel Corfu","og_description":"Der sch\u00f6ne Au\u00dfenpool unseres Hotels bietet eine entspannende Umgebung, w\u00e4hrend Sie am Pool frische Getr\u00e4nke von der Hotelbar genie\u00dfen k\u00f6nnen.","og_url":"https:\/\/mail.melinabay.com\/de\/facilities-services\/swimming-pool\/","og_site_name":"Melina Bay Hotel","article_publisher":"https:\/\/el-gr.facebook.com\/melinabayhotel","article_modified_time":"2025-03-05T13:26:14+00:00","og_image":[{"width":1917,"height":1279,"url":"https:\/\/mail.melinabay.com\/wp-content\/uploads\/2019\/09\/melina-bay-swimming-pool.jpg","type":"image\/jpeg"}],"twitter_card":"summary_large_image","schema":{"@context":"https:\/\/schema.org","@graph":[{"@type":"Organization","@id":"https:\/\/mail.melinabay.com\/de\/#organization","name":"Melina Bay Boutique Hotel Kassiopi, Corfu","url":"https:\/\/mail.melinabay.com\/de\/","sameAs":["https:\/\/el-gr.facebook.com\/melinabayhotel"],"logo":{"@type":"ImageObject","inLanguage":"de","@id":"https:\/\/mail.melinabay.com\/de\/#\/schema\/logo\/image\/","url":"https:\/\/melinabay.com\/wp-content\/uploads\/2019\/09\/melina-bay-badge.png","contentUrl":"https:\/\/melinabay.com\/wp-content\/uploads\/2019\/09\/melina-bay-badge.png","width":300,"height":288,"caption":"Melina Bay Boutique Hotel Kassiopi, Corfu"},"image":{"@id":"https:\/\/mail.melinabay.com\/de\/#\/schema\/logo\/image\/"}},{"@type":"WebSite","@id":"https:\/\/mail.melinabay.com\/de\/#website","url":"https:\/\/mail.melinabay.com\/de\/","name":"Melina Bay Boutique Hotel","description":"Boutique Hotel in Kassiopi","publisher":{"@id":"https:\/\/mail.melinabay.com\/de\/#organization"},"potentialAction":[{"@type":"SearchAction","target":{"@type":"EntryPoint","urlTemplate":"https:\/\/mail.melinabay.com\/de\/?s={search_term_string}"},"query-input":"required name=search_term_string"}],"inLanguage":"de"},{"@type":"ImageObject","inLanguage":"de","@id":"https:\/\/mail.melinabay.com\/de\/facilities-services\/swimming-pool\/#primaryimage","url":"https:\/\/mail.melinabay.com\/wp-content\/uploads\/2019\/09\/melina-bay-swimming-pool.jpg","contentUrl":"https:\/\/mail.melinabay.com\/wp-content\/uploads\/2019\/09\/melina-bay-swimming-pool.jpg","width":1917,"height":1279},{"@type":"WebPage","@id":"https:\/\/mail.melinabay.com\/de\/facilities-services\/swimming-pool\/#webpage","url":"https:\/\/mail.melinabay.com\/de\/facilities-services\/swimming-pool\/","name":"Schwimmbad in Kassiopi | Melina Bay Hotel Corfu","isPartOf":{"@id":"https:\/\/mail.melinabay.com\/de\/#website"},"primaryImageOfPage":{"@id":"https:\/\/mail.melinabay.com\/de\/facilities-services\/swimming-pool\/#primaryimage"},"datePublished":"2019-09-26T16:27:21+00:00","dateModified":"2025-03-05T13:26:14+00:00","description":"Der sch\u00f6ne Au\u00dfenpool unseres Hotels bietet eine entspannende Umgebung, w\u00e4hrend Sie am Pool frische Getr\u00e4nke von der Hotelbar genie\u00dfen k\u00f6nnen.","breadcrumb":{"@id":"https:\/\/mail.melinabay.com\/de\/facilities-services\/swimming-pool\/#breadcrumb"},"inLanguage":"de","potentialAction":[{"@type":"ReadAction","target":["https:\/\/mail.melinabay.com\/de\/facilities-services\/swimming-pool\/"]}]},{"@type":"BreadcrumbList","@id":"https:\/\/mail.melinabay.com\/de\/facilities-services\/swimming-pool\/#breadcrumb","itemListElement":[{"@type":"ListItem","position":1,"name":"Home","item":"https:\/\/mail.melinabay.com\/de\/"},{"@type":"ListItem","position":2,"name":"Einrichtungen &#038; Dienstleistungen","item":"https:\/\/mail.melinabay.com\/de\/facilities-services\/"},{"@type":"ListItem","position":3,"name":"Schwimmbad"}]}]}},"_links":{"self":[{"href":"https:\/\/mail.melinabay.com\/de\/wp-json\/wp\/v2\/pages\/1529"}],"collection":[{"href":"https:\/\/mail.melinabay.com\/de\/wp-json\/wp\/v2\/pages"}],"about":[{"href":"https:\/\/mail.melinabay.com\/de\/wp-json\/wp\/v2\/types\/page"}],"author":[{"embeddable":true,"href":"https:\/\/mail.melinabay.com\/de\/wp-json\/wp\/v2\/users\/1"}],"replies":[{"embeddable":true,"href":"https:\/\/mail.melinabay.com\/de\/wp-json\/wp\/v2\/comments?post=1529"}],"version-history":[{"count":2,"href":"https:\/\/mail.melinabay.com\/de\/wp-json\/wp\/v2\/pages\/1529\/revisions"}],"predecessor-version":[{"id":1596,"href":"https:\/\/mail.melinabay.com\/de\/wp-json\/wp\/v2\/pages\/1529\/revisions\/1596"}],"up":[{"embeddable":true,"href":"https:\/\/mail.melinabay.com\/de\/wp-json\/wp\/v2\/pages\/1527"}],"wp:featuredmedia":[{"embeddable":true,"href":"https:\/\/mail.melinabay.com\/de\/wp-json\/wp\/v2\/media\/1144"}],"wp:attachment":[{"href":"https:\/\/mail.melinabay.com\/de\/wp-json\/wp\/v2\/media?parent=1529"}],"curies":[{"name":"wp","href":"https:\/\/api.w.org\/{rel}","templated":true}]}}